{"id":1226,"date":"2018-07-25T10:39:30","date_gmt":"2018-07-25T08:39:30","guid":{"rendered":"https:\/\/www.laschensky.at\/home\/"},"modified":"2025-09-15T13:28:46","modified_gmt":"2025-09-15T11:28:46","slug":"home","status":"publish","type":"page","link":"https:\/\/www.laschensky.at\/it\/","title":{"rendered":"Home"},"content":{"rendered":"<p><img loading=\"lazy\" decoding=\"async\" class=\"size-medium wp-image-7523 aligncenter\" src=\"https:\/\/www.laschensky.at\/wp-content\/uploads\/2021\/10\/laschensky-familienfoto-hauthaler-1024x683.jpg\" alt=\"\" width=\"1024\" height=\"683\" srcset=\"https:\/\/www.laschensky.at\/wp-content\/uploads\/2021\/10\/laschensky-familienfoto-hauthaler-1024x683.jpg 1024w, https:\/\/www.laschensky.at\/wp-content\/uploads\/2021\/10\/laschensky-familienfoto-hauthaler-1920x1280.jpg 1920w, https:\/\/www.laschensky.at\/wp-content\/uploads\/2021\/10\/laschensky-familienfoto-hauthaler-768x512.jpg 768w, https:\/\/www.laschensky.at\/wp-content\/uploads\/2021\/10\/laschensky-familienfoto-hauthaler-1536x1024.jpg 1536w, https:\/\/www.laschensky.at\/wp-content\/uploads\/2021\/10\/laschensky-familienfoto-hauthaler-2048x1365.jpg 2048w\" sizes=\"auto, (max-width: 1024px) 100vw, 1024px\" \/><\/p>\n<p>Noi, famiglia Hauthaler, gestiamo la nostra impresa come un\u2019azienda di famiglia da ormai sei generazioni. Valori come Cordialit\u00e0 e Apertura mentale hanno per noi, come per i nostri collaboratori, sempre la lettera maiuscola. Infatti, per noi \u00e8 importante che i nostri ospiti si sentano a proprio agio e possano concentrarsi appieno sulla loro vacanza o sui loro incontri di lavoro. Il Laschenskyhof \u00e8 la nostra casa e deve essere anche per i nostri ospiti e i nostri collaboratori un luogo in cui stare bene.<\/p>\n<p><a href=\"https:\/\/www.kayak.de\/Salzburg-Hotels-Laschenskyhof.204267.ksp\" target=\"_blank\" rel=\"noopener\"><img loading=\"lazy\" decoding=\"async\" class=\"alignnone\" src=\"https:\/\/content.r9cdn.net\/seo-res\/badges\/v5\/LIGHT_LARGE_TRAVEL_AWARDS.png\" alt=\"\" width=\"250\" height=\"250\" \/><\/a><\/p>\n<p style=\"text-align: justify;\">Il nostro hotel-ristorante Laschenskyhof \u00e8 un&#8217;impresa familiare a 4 stelle in pieno spirito tradizionale. Saremo lieti di darvi il benvenuto alle porte di Salisburgo con un&#8217;esperienza culinaria locale e prodotti della nostra fattoria. La nostra location idilliaca ai piedi di un pittoresco ambiente montano vi inviter\u00e0 a viziare i vostri sensi. Allo stesso tempo, l&#8217;ottima rete di collegamenti per il centro di Salisburgo, la citt\u00e0 di Mozart, dischiuder\u00e0 per voi un&#8217;ampia palette di possibilit\u00e0 per la vostra vacanza.<\/p>\n<p><a class=\"button call_to_action\" href=\"https:\/\/www.laschensky.at\/it\/chi-siamo\/\">Chi siamo<\/a><\/p>\n","protected":false},"excerpt":{"rendered":"<p>Noi, famiglia Hauthaler, gestiamo la nostra impresa come un\u2019azienda di famiglia da ormai sei generazioni. Valori come Cordialit\u00e0 e Apertura mentale hanno per noi, come per i nostri collaboratori, sempre la lettera maiuscola. Infatti, per noi \u00e8 importante che i nostri ospiti si sentano a proprio agio e possano concentrarsi appieno sulla loro vacanza o [&hellip;]<\/p>\n","protected":false},"author":1,"featured_media":0,"parent":0,"menu_order":0,"comment_status":"closed","ping_status":"closed","template":"page-video_bg.php","meta":{"_acf_changed":false,"footnotes":""},"class_list":["post-1226","page","type-page","status-publish","hentry"],"acf":[],"_links":{"self":[{"href":"https:\/\/www.laschensky.at\/it\/wp-json\/wp\/v2\/pages\/1226","targetHints":{"allow":["GET"]}}],"collection":[{"href":"https:\/\/www.laschensky.at\/it\/wp-json\/wp\/v2\/pages"}],"about":[{"href":"https:\/\/www.laschensky.at\/it\/wp-json\/wp\/v2\/types\/page"}],"author":[{"embeddable":true,"href":"https:\/\/www.laschensky.at\/it\/wp-json\/wp\/v2\/users\/1"}],"replies":[{"embeddable":true,"href":"https:\/\/www.laschensky.at\/it\/wp-json\/wp\/v2\/comments?post=1226"}],"version-history":[{"count":24,"href":"https:\/\/www.laschensky.at\/it\/wp-json\/wp\/v2\/pages\/1226\/revisions"}],"predecessor-version":[{"id":14662,"href":"https:\/\/www.laschensky.at\/it\/wp-json\/wp\/v2\/pages\/1226\/revisions\/14662"}],"wp:attachment":[{"href":"https:\/\/www.laschensky.at\/it\/wp-json\/wp\/v2\/media?parent=1226"}],"curies":[{"name":"wp","href":"https:\/\/api.w.org\/{rel}","templated":true}]}}