{"id":1245,"date":"2019-03-15T09:19:54","date_gmt":"2019-03-15T08:19:54","guid":{"rendered":"https:\/\/www.laschensky.at\/gutscheine\/"},"modified":"2024-02-01T08:59:38","modified_gmt":"2024-02-01T07:59:38","slug":"buoni","status":"publish","type":"page","link":"https:\/\/www.laschensky.at\/it\/buoni\/","title":{"rendered":"Buoni"},"content":{"rendered":"<p>La gioia pi\u00f9 grande \u00e8 quella che si pu\u00f2 condividere con i propri cari.<br \/>\nRegalate un momento di puro slancio con un buono personalizzato.<\/p>\n","protected":false},"excerpt":{"rendered":"<p>La gioia pi\u00f9 grande \u00e8 quella che si pu\u00f2 condividere con i propri cari. Regalate un momento di puro slancio con un buono personalizzato.<\/p>\n","protected":false},"author":1,"featured_media":0,"parent":0,"menu_order":60,"comment_status":"closed","ping_status":"closed","template":"","meta":{"_acf_changed":false,"footnotes":""},"class_list":["post-1245","page","type-page","status-publish","hentry"],"acf":[],"_links":{"self":[{"href":"https:\/\/www.laschensky.at\/it\/wp-json\/wp\/v2\/pages\/1245","targetHints":{"allow":["GET"]}}],"collection":[{"href":"https:\/\/www.laschensky.at\/it\/wp-json\/wp\/v2\/pages"}],"about":[{"href":"https:\/\/www.laschensky.at\/it\/wp-json\/wp\/v2\/types\/page"}],"author":[{"embeddable":true,"href":"https:\/\/www.laschensky.at\/it\/wp-json\/wp\/v2\/users\/1"}],"replies":[{"embeddable":true,"href":"https:\/\/www.laschensky.at\/it\/wp-json\/wp\/v2\/comments?post=1245"}],"version-history":[{"count":3,"href":"https:\/\/www.laschensky.at\/it\/wp-json\/wp\/v2\/pages\/1245\/revisions"}],"predecessor-version":[{"id":11691,"href":"https:\/\/www.laschensky.at\/it\/wp-json\/wp\/v2\/pages\/1245\/revisions\/11691"}],"wp:attachment":[{"href":"https:\/\/www.laschensky.at\/it\/wp-json\/wp\/v2\/media?parent=1245"}],"curies":[{"name":"wp","href":"https:\/\/api.w.org\/{rel}","templated":true}]}}