{"id":1247,"date":"2018-07-25T10:19:08","date_gmt":"2018-07-25T08:19:08","guid":{"rendered":"https:\/\/www.laschensky.at\/impressum\/"},"modified":"2019-05-09T15:22:46","modified_gmt":"2019-05-09T13:22:46","slug":"impressum","status":"publish","type":"page","link":"https:\/\/www.laschensky.at\/it\/impressum\/","title":{"rendered":"Impressum"},"content":{"rendered":"<p style=\"text-align: left;\"><strong>Gestore \/ Responsabile del contenuto<br \/>\n<\/strong>Laschenskyhof GmbH<br \/>\n<a href=\"https:\/\/goo.gl\/maps\/hCgv47v1Rw4xzYRg7\" target=\"_blank\" rel=\"noopener noreferrer\">Josef-Hauthaler-Stra\u00dfe 2<br \/>\n5071 Wals\/Viehhausen<\/a><\/p>\n<p style=\"text-align: left;\">Telefon: <a rel=\"nofollow\" target=\"_blank\"  href=\"tel:+43662852361\">+43 (0)662 852361<\/a><br \/>\nFax: +43 (0)662 852361 &#8211; 54<br \/>\n<a rel=\"nofollow\" target=\"_blank\"  href=\"mailto:info@laschensky.at\">info@laschensky.at<\/a><\/p>\n<p style=\"text-align: left;\"><strong>Numero registro impresa<br \/>\n<\/strong>289019d<\/p>\n<p style=\"text-align: left;\"><strong>Partita IVA<br \/>\n<\/strong>ATU 63131827<\/p>\n<p style=\"text-align: left;\"><strong>Pagina web creata da<br \/>\n<\/strong>MAYA Inspiranto KG<br \/>\nSchiffmanngasse 22<br \/>\n5020 Salzburg | Austria<\/p>\n<p style=\"text-align: left;\"><strong>Esclusione della responsabilit\u00e0<\/strong><\/p>\n<p style=\"text-align: left;\"><strong>Contenuto dell&#8217;offerta online\u2028<\/strong><br \/>\nLaschenskyhof GmbH non si assume alcuna responsabilit\u00e0 per l&#8217;attualit\u00e0, la correttezza, la completezza o la qualit\u00e0 delle informazioni fornite. In linea di massima, si escludono eventuali rivendicazioni di responsabilit\u00e0 contro Laschenskyhof GmbH in riferimento a danni di natura materiale o ideale causati dall&#8217;utilizzo o dal mancato utilizzo delle informazioni fornite o dall&#8217;utilizzo di informazioni erronee e incomplete, a meno che non sussista una dimostrata colpa intenzionale o una chiara negligenza da parte di Laschenskyhof GmbH. Tutte le offerte si intendono come senza impegno e non vincolanti. Laschenskyhof GmbH si riserva espressamente il diritto di modificare, integrare, eliminare parti delle pagine o l&#8217;intera offerta, o di interromperne temporaneamente o definitivamente la pubblicazione, senza obbligo di fornire specifiche informazioni in merito.<\/p>\n<p style=\"text-align: left;\"><strong>Rimandi e link\u2028<\/strong><br \/>\nIn caso di rimandi diretti o indiretti a pagine web esterne (&#8220;hyperlink&#8221;), fuori dal campo di responsabilit\u00e0 di Lanschenskyhof GmbH, si applica un obbligo di responsabilit\u00e0 esclusivamente nel caso in cui Laschenskyhof GmbH sia a conoscenza dei contenuti e nel caso in cui sarebbe tecnologicamente possibile ed accettabile da parte della suddetta azienda impedirne l&#8217;utilizzo in caso di contenuti illegali. Laschenskyhof GmbH dichiara espressamente che al momento della creazione dei link non erano presenti, sulle pagine di collegamento, contenuti considerabili come illegali. Laschenskyhof GmbH non ha alcuna influenza sulla struttura attuale e futura, sui contenuti o sulla paternit\u00e0 delle pagine linkate\/collegate. In tal senso, Laschenskyhof GmbH si dissocia espressamente da tutti i contenuti delle pagine linkate\/collegate modificati in seguito alla creazione del link. La presente dichiarazione si applica ai link e ai rimandi inseriti all&#8217;interno della propria offerta internet nonch\u00e9 ai contributi esterni in registri dei clienti, forum di discussione, elenchi di link, mailinglist e in tutte le altre forme di banche dati curate da Laschenskyhof GmbH sui cui contenuti siano possibili permessi di scrittura esterni. Per eventuali contenuti illegali, erronei o incompleti e in particolare per danni causati dall&#8217;utilizzo o dal mancato utilizzo delle informazioni in tal modo fornite, la responsabilit\u00e0 cade esclusivamente sul fornitore della pagina oggetto di collegamento e non sul fornitore della pagina che si limita a rimandare per mezzo di link all&#8217;eventuale contenuto oggetto di controversia.<\/p>\n<p style=\"text-align: left;\"><strong>Diritto d&#8217;autore e di marchio\u2028<\/strong><br \/>\nLaschenskyhof GmbH si impegna a rispettare, in tutte le sue pubblicazioni, i diritti d&#8217;autore di grafiche, documenti audio, sequenze video e testi utilizzati, di utilizzare grafiche, documenti audio, sequenze video e testi prodotti autonomamente da Laschenskyhof GmbH o di far ricorso a grafiche, documenti audio, sequenze video e testi di pubblico dominio. Tutti i marchi e i prodotti nominati all&#8217;interno dell&#8217;offerta internet ed eventualmente tutelati da terzi sono soggetti senza riserve alle disposizioni del diritto di marchio di volta in volta applicabile e ai diritti di titolarit\u00e0 degli eventuali proprietari coinvolti. Non \u00e8 possibile dedurre, esclusivamente sulla base di una semplice menzione, che l&#8217;eventuale marchio coinvolto non sia tutelato da terzi! Il copyright per contenuti pubblicati e prodotti autonomamente da Laschenskyhof GmbH \u00e8 esclusivamente a carico dell&#8217;autore delle pagine. Non \u00e8, perci\u00f2, consentito riprodurre o utilizzare tali grafiche, documenti audio, sequenze video e testi in altre pubblicazioni elettroniche o stampate senza espresso consenso da parte di Laschenskyhof GmbH.<\/p>\n<p style=\"text-align: left;\"><strong>Valore giuridico<\/strong><br \/>\nLa presente esclusione della responsabilit\u00e0 \u00e8 parte integrate dell&#8217;offerta internet da cui si \u00e8 stati rimandati alla presente pagina. Nel caso in cui parti o singole formule del presente documento non dovessero corrispondere, o non dovessero pi\u00f9 corrispondere o non dovessero corrispondere interamente allo stato giuridico in vigore, il contenuto e la validit\u00e0 delle restanti parti del documento restano impregiudicate. Il presente documento di esclusione della responsabilit\u00e0 si basa sul servizio gratuito del sito www.disclaimer.de<\/p>\n<p style=\"text-align: left;\">\n","protected":false},"excerpt":{"rendered":"<p>Gestore \/ Responsabile del contenuto Laschenskyhof GmbH Josef-Hauthaler-Stra\u00dfe 2 5071 Wals\/Viehhausen Telefon: +43 (0)662 852361 Fax: +43 (0)662 852361 &#8211; 54 info@laschensky.at Numero registro impresa 289019d Partita IVA ATU 63131827 Pagina web creata da MAYA Inspiranto KG Schiffmanngasse 22 5020 Salzburg | Austria Esclusione della responsabilit\u00e0 Contenuto dell&#8217;offerta online\u2028 Laschenskyhof GmbH non si assume alcuna [&hellip;]<\/p>\n","protected":false},"author":1,"featured_media":0,"parent":0,"menu_order":1000,"comment_status":"closed","ping_status":"closed","template":"","meta":{"_acf_changed":false,"footnotes":""},"class_list":["post-1247","page","type-page","status-publish","hentry"],"acf":[],"_links":{"self":[{"href":"https:\/\/www.laschensky.at\/it\/wp-json\/wp\/v2\/pages\/1247","targetHints":{"allow":["GET"]}}],"collection":[{"href":"https:\/\/www.laschensky.at\/it\/wp-json\/wp\/v2\/pages"}],"about":[{"href":"https:\/\/www.laschensky.at\/it\/wp-json\/wp\/v2\/types\/page"}],"author":[{"embeddable":true,"href":"https:\/\/www.laschensky.at\/it\/wp-json\/wp\/v2\/users\/1"}],"replies":[{"embeddable":true,"href":"https:\/\/www.laschensky.at\/it\/wp-json\/wp\/v2\/comments?post=1247"}],"version-history":[{"count":3,"href":"https:\/\/www.laschensky.at\/it\/wp-json\/wp\/v2\/pages\/1247\/revisions"}],"predecessor-version":[{"id":1625,"href":"https:\/\/www.laschensky.at\/it\/wp-json\/wp\/v2\/pages\/1247\/revisions\/1625"}],"wp:attachment":[{"href":"https:\/\/www.laschensky.at\/it\/wp-json\/wp\/v2\/media?parent=1247"}],"curies":[{"name":"wp","href":"https:\/\/api.w.org\/{rel}","templated":true}]}}