{"id":5038,"date":"2020-05-27T11:19:26","date_gmt":"2020-05-27T09:19:26","guid":{"rendered":"https:\/\/www.laschensky.at\/ausflugsziele\/"},"modified":"2023-03-22T16:16:04","modified_gmt":"2023-03-22T15:16:04","slug":"ausflugsziele","status":"publish","type":"page","link":"https:\/\/www.laschensky.at\/it\/ausflugsziele\/","title":{"rendered":"Ausflugsziele"},"content":{"rendered":"<p>Al Laschenskyhof, proprio alle porte di Salisburgo, vi aspetta una variet\u00e0 di opzioni per godervi appieno la vostra vacanza.<\/p>\n<p>Che abbiate voglia di una gita in citt\u00e0, in montagna, sui laghi di Salisburgo o di una tranquilla giornata di golf, qui ce n&#8217;\u00e8 davvero per tutti i gusti!<br \/>\n&#8211; qui ce n&#8217;\u00e8 sicuramente per tutti i gusti!<\/p>\n","protected":false},"excerpt":{"rendered":"<p>Al Laschenskyhof, proprio alle porte di Salisburgo, vi aspetta una variet\u00e0 di opzioni per godervi appieno la vostra vacanza. Che abbiate voglia di una gita in citt\u00e0, in montagna, sui laghi di Salisburgo o di una tranquilla giornata di golf, qui ce n&#8217;\u00e8 davvero per tutti i gusti! &#8211; qui ce n&#8217;\u00e8 sicuramente per tutti [&hellip;]<\/p>\n","protected":false},"author":1,"featured_media":0,"parent":0,"menu_order":0,"comment_status":"closed","ping_status":"closed","template":"page-slider.php","meta":{"_acf_changed":false,"footnotes":""},"class_list":["post-5038","page","type-page","status-publish","hentry"],"acf":[],"_links":{"self":[{"href":"https:\/\/www.laschensky.at\/it\/wp-json\/wp\/v2\/pages\/5038","targetHints":{"allow":["GET"]}}],"collection":[{"href":"https:\/\/www.laschensky.at\/it\/wp-json\/wp\/v2\/pages"}],"about":[{"href":"https:\/\/www.laschensky.at\/it\/wp-json\/wp\/v2\/types\/page"}],"author":[{"embeddable":true,"href":"https:\/\/www.laschensky.at\/it\/wp-json\/wp\/v2\/users\/1"}],"replies":[{"embeddable":true,"href":"https:\/\/www.laschensky.at\/it\/wp-json\/wp\/v2\/comments?post=5038"}],"version-history":[{"count":2,"href":"https:\/\/www.laschensky.at\/it\/wp-json\/wp\/v2\/pages\/5038\/revisions"}],"predecessor-version":[{"id":10203,"href":"https:\/\/www.laschensky.at\/it\/wp-json\/wp\/v2\/pages\/5038\/revisions\/10203"}],"wp:attachment":[{"href":"https:\/\/www.laschensky.at\/it\/wp-json\/wp\/v2\/media?parent=5038"}],"curies":[{"name":"wp","href":"https:\/\/api.w.org\/{rel}","templated":true}]}}